{"id":23,"date":"2025-05-05T13:57:20","date_gmt":"2025-05-05T11:57:20","guid":{"rendered":"https:\/\/dinrosentime.hornstaging.no\/?page_id=23"},"modified":"2025-05-12T11:48:26","modified_gmt":"2025-05-12T09:48:26","slug":"privacidad","status":"publish","type":"page","link":"https:\/\/din-rosentime.no\/es\/privacidad\/","title":{"rendered":"Privacidad"},"content":{"rendered":"<div data-elementor-type=\"wp-page\" data-elementor-id=\"23\" class=\"elementor elementor-23\" data-elementor-post-type=\"page\">\n\t\t\t\t<div class=\"elementor-element elementor-element-1b50706 e-flex e-con-boxed e-con e-parent\" data-id=\"1b50706\" data-element_type=\"container\" data-e-type=\"container\" data-settings=\"{&quot;background_background&quot;:&quot;classic&quot;}\">\n\t\t\t\t\t<div class=\"e-con-inner\">\n\t\t\t\t<div class=\"elementor-element elementor-element-f5a9842 elementor-widget elementor-widget-heading\" data-id=\"f5a9842\" data-element_type=\"widget\" data-e-type=\"widget\" data-widget_type=\"heading.default\">\n\t\t\t\t<div class=\"elementor-widget-container\">\n\t\t\t\t\t<h1 class=\"elementor-heading-title elementor-size-default\">Privacidad<\/h1>\t\t\t\t<\/div>\n\t\t\t\t<\/div>\n\t\t\t\t<div class=\"elementor-element elementor-element-c2c1af5 elementor-widget-divider--view-line elementor-widget elementor-widget-divider\" data-id=\"c2c1af5\" data-element_type=\"widget\" data-e-type=\"widget\" data-widget_type=\"divider.default\">\n\t\t\t\t<div class=\"elementor-widget-container\">\n\t\t\t\t\t\t\t<div class=\"elementor-divider\">\n\t\t\t<span class=\"elementor-divider-separator\">\n\t\t\t\t\t\t<\/span>\n\t\t<\/div>\n\t\t\t\t\t\t<\/div>\n\t\t\t\t<\/div>\n\t\t\t\t<div class=\"elementor-element elementor-element-f6789e6 elementor-widget elementor-widget-text-editor\" data-id=\"f6789e6\" data-element_type=\"widget\" data-e-type=\"widget\" data-widget_type=\"text-editor.default\">\n\t\t\t\t<div class=\"elementor-widget-container\">\n\t\t\t\t\t\t\t\t\t<h2>Declaraci\u00f3n de privacidad para Din Rosentime y www.din-rosentime.no<\/h2><p><span style=\"font-weight: 400;\">Esta declaraci\u00f3n de privacidad describe qu\u00e9 tipo de datos personales recopila Din Rosentime y c\u00f3mo se procesan estos datos.<\/span><\/p><p><span style=\"font-weight: 400;\">Din Rosentime se rige por la Ley de Protecci\u00f3n de Datos Personales de Noruega. Esta declaraci\u00f3n ha sido elaborada conforme a los requisitos de los \u00a7\u00a7 18 y 19 de dicha ley.<\/span><\/p><h3>Qu\u00e9 son los datos personales<\/h3><p><span style=\"font-weight: 400;\">Los datos personales son informaci\u00f3n sobre una persona individual. Esto puede incluir el nombre, direcci\u00f3n, lugar de trabajo, estado civil, n\u00famero de tel\u00e9fono, direcci\u00f3n de correo electr\u00f3nico, etc. La informaci\u00f3n sobre tu contacto, motivo del contacto y forma de contacto con Din Rosentime tambi\u00e9n se considera datos personales.<\/span><\/p><p><span style=\"font-weight: 400;\">Din Rosentime no recopila ni utiliza datos personales sensibles. Esto incluye informaci\u00f3n sobre acusaciones, delitos, salud y temas similares.<\/span><\/p><p><span style=\"font-weight: 400;\">Si deseas m\u00e1s informaci\u00f3n sobre datos personales en general, puedes visitar: https:\/\/www.datatilsynet.no\/om-personvern\/personopplysninger\/<\/span><\/p><h3>Qui\u00e9n es responsable del tratamiento de tus datos personales en Din Rosentime<\/h3><p><span style=\"font-weight: 400;\">El Office Manager de Din Rosentime es responsable del tratamiento de los datos personales dentro de la empresa. En caso de delegaci\u00f3n futura, solo se delegar\u00e1n las tareas; la responsabilidad sobre los datos personales seguir\u00e1 siendo de Din Rosentime.<\/span><\/p><h3>Datos personales que recibe Din Rosentime<\/h3><p><span style=\"font-weight: 400;\">Din Rosentime obtiene datos personales de dos fuentes, ambas basadas en el \u00a7 8 de la ley de protecci\u00f3n de datos personales.<\/span><\/p><p><span style=\"font-weight: 400;\">La fuente principal son los datos proporcionados directamente por ti, principalmente a trav\u00e9s del formulario de contacto en el sitio web de Din Rosentime. Este formulario sirve como punto de encuentro entre clientes potenciales o actuales y Din Rosentime. Es completamente voluntario completarlo o simplemente navegar por el sitio. Los datos recopilados incluyen nombre, correo electr\u00f3nico y n\u00famero de tel\u00e9fono.<\/span><\/p><p><span style=\"font-weight: 400;\">Posteriormente, pueden generarse m\u00e1s datos personales a trav\u00e9s de correos electr\u00f3nicos, llamadas telef\u00f3nicas u otra correspondencia entre t\u00fa y Din Rosentime.<\/span><\/p><p><span style=\"font-weight: 400;\">Otra fuente de informaci\u00f3n es la recopilaci\u00f3n autom\u00e1tica a trav\u00e9s de Google Analytics. Esta herramienta capta, por ejemplo, el tiempo que permaneces en el sitio, tu direcci\u00f3n IP, los enlaces en los que haces clic y el n\u00famero de visitantes en diferentes momentos.<\/span><\/p><h3>C\u00f3mo utiliza Din Rosentime los datos personales<\/h3><p><span style=\"font-weight: 400;\">El prop\u00f3sito del formulario de contacto y la correspondencia posterior es dar seguimiento a solicitudes y compromisos con los clientes. Din Rosentime necesita esta plataforma abierta para asegurar una comunicaci\u00f3n eficaz y un resultado satisfactorio.<\/span><\/p><p><span style=\"font-weight: 400;\">La informaci\u00f3n de Google Analytics se utiliza para mejorar la experiencia en el sitio web. Esto puede incluir mejorar el dise\u00f1o, comprender tendencias de uso, optimizar servicios y prevenir conductas delictivas como hackeos.<\/span><\/p><p><span style=\"font-weight: 400;\">La base legal para el tratamiento de estos datos es el \u00a7 11 de la ley de protecci\u00f3n de datos personales.<\/span><\/p><h3>C\u00f3mo administrar tus datos personales<\/h3><p><span style=\"font-weight: 400;\">La cantidad limitada de datos que recopila Din Rosentime es muy peque\u00f1a comparada con otros actores. Por eso, no ofrecemos configuraciones como ajustes en aplicaciones o publicidad personalizada. Los datos recopilados no se utilizan para tales fines.<\/span><\/p><p><span style=\"font-weight: 400;\">No obstante, siempre tienes derechos relacionados con tus datos personales, que se explican a continuaci\u00f3n.<\/span><\/p><h3>Compartir informaci\u00f3n con terceros<\/h3><p><span style=\"font-weight: 400;\">Din Rosentime no comparte datos personales provenientes del formulario de contacto, recopilaciones propias ni de otras fuentes con terceros. Si alguna vez se llegara a compartir, se solicitar\u00e1 tu consentimiento previo.<\/span><\/p><h3>Archivado seguro, eliminaci\u00f3n y control interno<\/h3><p><span style=\"font-weight: 400;\">Seg\u00fan el \u00a7 13 de la ley, todos los datos personales recibidos se almacenar\u00e1n de forma segura en servidores o correos electr\u00f3nicos mientras exista una relaci\u00f3n activa entre t\u00fa y Din Rosentime. Una vez finalizada esta relaci\u00f3n, todos los datos ser\u00e1n eliminados en un plazo de 2 a\u00f1os.<\/span><\/p><p><span style=\"font-weight: 400;\">Din Rosentime tiene controles internos para garantizar que el almacenamiento, la seguridad y la eliminaci\u00f3n de datos se realicen de acuerdo con los est\u00e1ndares legales.<\/span><\/p><h3>Derechos<\/h3><p><span style=\"font-weight: 400;\">Seg\u00fan la ley, tienes derecho al olvido, derecho a la portabilidad de datos, derecho de acceso y derecho a oponerte a la elaboraci\u00f3n de perfiles.<\/span><\/p><p><span style=\"font-weight: 400;\">El derecho al olvido significa que puedes solicitar la eliminaci\u00f3n de todos los datos personales registrados. Si no lo haces, de todas formas, los datos se eliminar\u00e1n 2 a\u00f1os despu\u00e9s de que finalice el contacto.<\/span><\/p><p><span style=\"font-weight: 400;\">El derecho a la portabilidad te permite recibir una copia digital de tus datos personales y transferirlos a otra empresa, siempre que sea t\u00e9cnicamente posible. Esto incluye los datos proporcionados por ti y los generados autom\u00e1ticamente.<\/span><\/p><p><span style=\"font-weight: 400;\">El derecho de acceso te permite conocer qu\u00e9 datos ha registrado Din Rosentime sobre ti.<\/span><\/p><p><span style=\"font-weight: 400;\">El derecho a oponerte a la elaboraci\u00f3n de perfiles te permite impedir que Din Rosentime analice tu comportamiento para personalizar servicios, como en publicidad o desarrollo de servicios. No obstante, esto rara vez es relevante en nuestro caso.<\/span><\/p><p><span style=\"font-weight: 400;\">Para ejercer alguno de estos derechos, cont\u00e1ctanos. Por ley, debemos responderte dentro de un mes.<\/span><\/p><h3>Privacidad de los menores<\/h3><p><span style=\"font-weight: 400;\">Din Rosentime no desea ni necesita recopilar datos personales de menores de 16 a\u00f1os. Estos deben ser proporcionados por un tutor.<\/span><\/p><p><span style=\"font-weight: 400;\">Cualquier informaci\u00f3n proporcionada por menores ser\u00e1 eliminada tan pronto como Din Rosentime tenga conocimiento de ello.<\/span><\/p><h3>Delegado de protecci\u00f3n de datos<\/h3><p><span style=\"font-weight: 400;\">Din Rosentime no cuenta con un delegado de protecci\u00f3n de datos, ya que no es una entidad p\u00fablica, no maneja datos sensibles, ni realiza seguimientos sistem\u00e1ticos ni procesa informaci\u00f3n sobre delitos.<\/span><\/p><h3>Actualizaciones<\/h3><p><span style=\"font-weight: 400;\">Din Rosentime actualizar\u00e1 esta declaraci\u00f3n de privacidad ocasionalmente para cumplir con los est\u00e1ndares legales. Se te notificar\u00e1 sobre dichos cambios.<\/span><\/p><h3>Informaci\u00f3n de contacto<\/h3><p><span style=\"font-weight: 400;\">Si tienes preguntas sobre esta pol\u00edtica de privacidad u otras consultas, puedes contactar con la empresa.<\/span><\/p><p><span style=\"font-weight: 400;\">Tel\u00e9fono: (+47) 95 23 85 78<\/span><\/p><p><span style=\"font-weight: 400;\">Correo electr\u00f3nico: linda@din-rosentime.no<\/span><\/p>\t\t\t\t\t\t\t\t<\/div>\n\t\t\t\t<\/div>\n\t\t\t\t\t<\/div>\n\t\t\t\t<\/div>\n\t\t\t\t<\/div>","protected":false},"excerpt":{"rendered":"<p>Personvern Personvernerkl\u00e6ring for Din Rosentime og www.din-rosentime.no Denne personvernerkl\u00e6ringen beskriver hva slags personopplysninger Din Rosentime samler inn og hvordan disse personopplysningene behandles. Din Rosentime forholder seg til den norske personopplysningsloven. Denne personvernerkl\u00e6ringen er laget etter kravene i personopplysningsloven \u00a7\u00a7 18 og 19. Hva er personopplysninger Personopplysninger er informasjon om den enkelte person. Dette kan v\u00e6re [&hellip;]<\/p>","protected":false},"author":2,"featured_media":0,"parent":0,"menu_order":0,"comment_status":"closed","ping_status":"closed","template":"","meta":{"footnotes":""},"class_list":["post-23","page","type-page","status-publish","hentry"],"yoast_head":"<!-- This site is optimized with the Yoast SEO plugin v26.9 - https:\/\/yoast.com\/product\/yoast-seo-wordpress\/ -->\n<title>Personvern - Rosenbehandling i Oslo<\/title>\n<meta name=\"robots\" content=\"noindex, follow\" \/>\n<meta property=\"og:locale\" content=\"es_ES\" \/>\n<meta property=\"og:type\" content=\"article\" \/>\n<meta property=\"og:title\" content=\"Personvern - Rosenbehandling i Oslo\" \/>\n<meta property=\"og:description\" content=\"Personvern Personvernerkl\u00e6ring for Din Rosentime og www.din-rosentime.no Denne personvernerkl\u00e6ringen beskriver hva slags personopplysninger Din Rosentime samler inn og hvordan disse personopplysningene behandles. Din Rosentime forholder seg til den norske personopplysningsloven. Denne personvernerkl\u00e6ringen er laget etter kravene i personopplysningsloven \u00a7\u00a7 18 og 19. Hva er personopplysninger Personopplysninger er informasjon om den enkelte person. Dette kan v\u00e6re [&hellip;]\" \/>\n<meta property=\"og:url\" content=\"https:\/\/din-rosentime.no\/es\/privacidad\/\" \/>\n<meta property=\"og:site_name\" content=\"Rosenbehandling i Oslo\" \/>\n<meta property=\"article:modified_time\" content=\"2025-05-12T09:48:26+00:00\" \/>\n<meta name=\"twitter:card\" content=\"summary_large_image\" \/>\n<meta name=\"twitter:label1\" content=\"Tiempo de lectura\" \/>\n\t<meta name=\"twitter:data1\" content=\"6 minutos\" \/>\n<script type=\"application\/ld+json\" class=\"yoast-schema-graph\">{\"@context\":\"https:\/\/schema.org\",\"@graph\":[{\"@type\":\"WebPage\",\"@id\":\"https:\/\/din-rosentime.no\/personvern\/\",\"url\":\"https:\/\/din-rosentime.no\/personvern\/\",\"name\":\"Personvern - Rosenbehandling i Oslo\",\"isPartOf\":{\"@id\":\"https:\/\/din-rosentime.no\/#website\"},\"datePublished\":\"2025-05-05T11:57:20+00:00\",\"dateModified\":\"2025-05-12T09:48:26+00:00\",\"breadcrumb\":{\"@id\":\"https:\/\/din-rosentime.no\/personvern\/#breadcrumb\"},\"inLanguage\":\"es\",\"potentialAction\":[{\"@type\":\"ReadAction\",\"target\":[\"https:\/\/din-rosentime.no\/personvern\/\"]}]},{\"@type\":\"BreadcrumbList\",\"@id\":\"https:\/\/din-rosentime.no\/personvern\/#breadcrumb\",\"itemListElement\":[{\"@type\":\"ListItem\",\"position\":1,\"name\":\"Hjem\",\"item\":\"https:\/\/din-rosentime.no\/\"},{\"@type\":\"ListItem\",\"position\":2,\"name\":\"Personvern\"}]},{\"@type\":\"WebSite\",\"@id\":\"https:\/\/din-rosentime.no\/#website\",\"url\":\"https:\/\/din-rosentime.no\/\",\"name\":\"Rosenbehandling i Oslo\",\"description\":\"Lindring for stress, angst og spenninger\",\"potentialAction\":[{\"@type\":\"SearchAction\",\"target\":{\"@type\":\"EntryPoint\",\"urlTemplate\":\"https:\/\/din-rosentime.no\/?s={search_term_string}\"},\"query-input\":{\"@type\":\"PropertyValueSpecification\",\"valueRequired\":true,\"valueName\":\"search_term_string\"}}],\"inLanguage\":\"es\"}]}<\/script>\n<!-- \/ Yoast SEO plugin. -->","yoast_head_json":{"title":"Privacidad | Terapia Rosen en Oslo","robots":{"index":"noindex","follow":"follow"},"og_locale":"es_ES","og_type":"article","og_title":"Personvern - Rosenbehandling i Oslo","og_description":"Personvern Personvernerkl\u00e6ring for Din Rosentime og www.din-rosentime.no Denne personvernerkl\u00e6ringen beskriver hva slags personopplysninger Din Rosentime samler inn og hvordan disse personopplysningene behandles. Din Rosentime forholder seg til den norske personopplysningsloven. Denne personvernerkl\u00e6ringen er laget etter kravene i personopplysningsloven \u00a7\u00a7 18 og 19. Hva er personopplysninger Personopplysninger er informasjon om den enkelte person. Dette kan v\u00e6re [&hellip;]","og_url":"https:\/\/din-rosentime.no\/es\/privacidad\/","og_site_name":"Rosenbehandling i Oslo","article_modified_time":"2025-05-12T09:48:26+00:00","twitter_card":"summary_large_image","twitter_misc":{"Tiempo de lectura":"6 minutos"},"schema":{"@context":"https:\/\/schema.org","@graph":[{"@type":"WebPage","@id":"https:\/\/din-rosentime.no\/personvern\/","url":"https:\/\/din-rosentime.no\/personvern\/","name":"Privacidad | Terapia Rosen en Oslo","isPartOf":{"@id":"https:\/\/din-rosentime.no\/#website"},"datePublished":"2025-05-05T11:57:20+00:00","dateModified":"2025-05-12T09:48:26+00:00","breadcrumb":{"@id":"https:\/\/din-rosentime.no\/personvern\/#breadcrumb"},"inLanguage":"es","potentialAction":[{"@type":"ReadAction","target":["https:\/\/din-rosentime.no\/personvern\/"]}]},{"@type":"BreadcrumbList","@id":"https:\/\/din-rosentime.no\/personvern\/#breadcrumb","itemListElement":[{"@type":"ListItem","position":1,"name":"Hjem","item":"https:\/\/din-rosentime.no\/"},{"@type":"ListItem","position":2,"name":"Personvern"}]},{"@type":"WebSite","@id":"https:\/\/din-rosentime.no\/#website","url":"https:\/\/din-rosentime.no\/","name":"Rosenbehandling i Oslo","description":"Lindring for stress, angst og spenninger","potentialAction":[{"@type":"SearchAction","target":{"@type":"EntryPoint","urlTemplate":"https:\/\/din-rosentime.no\/?s={search_term_string}"},"query-input":{"@type":"PropertyValueSpecification","valueRequired":true,"valueName":"search_term_string"}}],"inLanguage":"es"}]}},"_links":{"self":[{"href":"https:\/\/din-rosentime.no\/es\/wp-json\/wp\/v2\/pages\/23","targetHints":{"allow":["GET"]}}],"collection":[{"href":"https:\/\/din-rosentime.no\/es\/wp-json\/wp\/v2\/pages"}],"about":[{"href":"https:\/\/din-rosentime.no\/es\/wp-json\/wp\/v2\/types\/page"}],"author":[{"embeddable":true,"href":"https:\/\/din-rosentime.no\/es\/wp-json\/wp\/v2\/users\/2"}],"replies":[{"embeddable":true,"href":"https:\/\/din-rosentime.no\/es\/wp-json\/wp\/v2\/comments?post=23"}],"version-history":[{"count":10,"href":"https:\/\/din-rosentime.no\/es\/wp-json\/wp\/v2\/pages\/23\/revisions"}],"predecessor-version":[{"id":293,"href":"https:\/\/din-rosentime.no\/es\/wp-json\/wp\/v2\/pages\/23\/revisions\/293"}],"wp:attachment":[{"href":"https:\/\/din-rosentime.no\/es\/wp-json\/wp\/v2\/media?parent=23"}],"curies":[{"name":"wp","href":"https:\/\/api.w.org\/{rel}","templated":true}]}}